{"id":2194,"date":"2023-12-28T08:22:02","date_gmt":"2023-12-28T08:22:02","guid":{"rendered":"https:\/\/granroma.com\/prodotto\/weisse-schokoladenpaste\/"},"modified":"2023-12-28T08:22:02","modified_gmt":"2023-12-28T08:22:02","slug":"weisse-schokoladenpaste","status":"publish","type":"product","link":"https:\/\/granroma.com\/de\/prodotto\/weisse-schokoladenpaste\/","title":{"rendered":"WEISSE SCHOKOLADENPASTE"},"content":{"rendered":"<p>Halbfertige Paste, ideal f\u00fcr die Herstellung von exzellentem Eis mit einem intensiven, umh\u00fcllenden Geschmack wei\u00dfer Schokolade.<\/p>\n","protected":false},"excerpt":{"rendered":"<p>60-80 g pro kg der Mischung 3,5 kg x 2 St\u00fcck<\/p>\n","protected":false},"featured_media":0,"comment_status":"open","ping_status":"closed","template":"","meta":[],"product_cat":[89],"product_tag":[],"class_list":{"0":"post-2194","1":"product","2":"type-product","3":"status-publish","5":"product_cat-klassische-pasten","7":"first","8":"instock","9":"shipping-taxable","10":"product-type-simple"},"acf":[],"_links":{"self":[{"href":"https:\/\/granroma.com\/de\/wp-json\/wp\/v2\/product\/2194","targetHints":{"allow":["GET"]}}],"collection":[{"href":"https:\/\/granroma.com\/de\/wp-json\/wp\/v2\/product"}],"about":[{"href":"https:\/\/granroma.com\/de\/wp-json\/wp\/v2\/types\/product"}],"replies":[{"embeddable":true,"href":"https:\/\/granroma.com\/de\/wp-json\/wp\/v2\/comments?post=2194"}],"wp:attachment":[{"href":"https:\/\/granroma.com\/de\/wp-json\/wp\/v2\/media?parent=2194"}],"wp:term":[{"taxonomy":"product_cat","embeddable":true,"href":"https:\/\/granroma.com\/de\/wp-json\/wp\/v2\/product_cat?post=2194"},{"taxonomy":"product_tag","embeddable":true,"href":"https:\/\/granroma.com\/de\/wp-json\/wp\/v2\/product_tag?post=2194"}],"curies":[{"name":"wp","href":"https:\/\/api.w.org\/{rel}","templated":true}]}}