{"id":1844,"date":"2023-12-28T10:35:54","date_gmt":"2023-12-28T10:35:54","guid":{"rendered":"https:\/\/granroma.com\/prodotto\/honig-topping\/"},"modified":"2023-12-28T10:35:54","modified_gmt":"2023-12-28T10:35:54","slug":"honig-topping","status":"publish","type":"product","link":"https:\/\/granroma.com\/de\/prodotto\/honig-topping\/","title":{"rendered":"HONIG-TOPPING"},"content":{"rendered":"<p>Halbfl\u00fcssige Pastenzubereitung zum Dekorieren von Eiscreme und S\u00fcsswaren mit Honiggeschmack<\/p>\n","protected":false},"excerpt":{"rendered":"<p>Gie\u00dfen Sie die gew\u00fcnschte Menge \u00fcber das fertige Eis oder Geb\u00e4ck und sch\u00fctteln Sie es vor Gebrauch. Flasche<\/p>\n","protected":false},"featured_media":0,"comment_status":"open","ping_status":"closed","template":"","meta":[],"product_cat":[71],"product_tag":[],"class_list":{"0":"post-1844","1":"product","2":"type-product","3":"status-publish","5":"product_cat-topping-de","7":"first","8":"instock","9":"shipping-taxable","10":"product-type-simple"},"acf":[],"_links":{"self":[{"href":"https:\/\/granroma.com\/de\/wp-json\/wp\/v2\/product\/1844","targetHints":{"allow":["GET"]}}],"collection":[{"href":"https:\/\/granroma.com\/de\/wp-json\/wp\/v2\/product"}],"about":[{"href":"https:\/\/granroma.com\/de\/wp-json\/wp\/v2\/types\/product"}],"replies":[{"embeddable":true,"href":"https:\/\/granroma.com\/de\/wp-json\/wp\/v2\/comments?post=1844"}],"wp:attachment":[{"href":"https:\/\/granroma.com\/de\/wp-json\/wp\/v2\/media?parent=1844"}],"wp:term":[{"taxonomy":"product_cat","embeddable":true,"href":"https:\/\/granroma.com\/de\/wp-json\/wp\/v2\/product_cat?post=1844"},{"taxonomy":"product_tag","embeddable":true,"href":"https:\/\/granroma.com\/de\/wp-json\/wp\/v2\/product_tag?post=1844"}],"curies":[{"name":"wp","href":"https:\/\/api.w.org\/{rel}","templated":true}]}}