{"id":1838,"date":"2023-12-28T10:31:40","date_gmt":"2023-12-28T10:31:40","guid":{"rendered":"https:\/\/granroma.com\/prodotto\/haselnussbroesel-mit-zucker-ueberzogen\/"},"modified":"2023-12-28T10:31:40","modified_gmt":"2023-12-28T10:31:40","slug":"haselnussbroesel-mit-zucker-ueberzogen","status":"publish","type":"product","link":"https:\/\/granroma.com\/de\/prodotto\/haselnussbroesel-mit-zucker-ueberzogen\/","title":{"rendered":"HASELNUSSBR\u00d6SEL MIT ZUCKER \u00dcBERZOGEN"},"content":{"rendered":"<p>Ger\u00f6stete Haseln\u00fcsse, zu K\u00f6rnern zermahlen und mit Zucker \u00fcberzogen.<\/p>\n","protected":false},"excerpt":{"rendered":"<p>Verwenden Sie nach Ihrem Geschmack f\u00fcr Dekorationen 2,5 kg x 2 St\u00fcck<\/p>\n","protected":false},"featured_media":0,"comment_status":"open","ping_status":"closed","template":"","meta":[],"product_cat":[68],"product_tag":[],"class_list":{"0":"post-1838","1":"product","2":"type-product","3":"status-publish","5":"product_cat-dekorationen","7":"first","8":"instock","9":"shipping-taxable","10":"product-type-simple"},"acf":[],"_links":{"self":[{"href":"https:\/\/granroma.com\/de\/wp-json\/wp\/v2\/product\/1838","targetHints":{"allow":["GET"]}}],"collection":[{"href":"https:\/\/granroma.com\/de\/wp-json\/wp\/v2\/product"}],"about":[{"href":"https:\/\/granroma.com\/de\/wp-json\/wp\/v2\/types\/product"}],"replies":[{"embeddable":true,"href":"https:\/\/granroma.com\/de\/wp-json\/wp\/v2\/comments?post=1838"}],"wp:attachment":[{"href":"https:\/\/granroma.com\/de\/wp-json\/wp\/v2\/media?parent=1838"}],"wp:term":[{"taxonomy":"product_cat","embeddable":true,"href":"https:\/\/granroma.com\/de\/wp-json\/wp\/v2\/product_cat?post=1838"},{"taxonomy":"product_tag","embeddable":true,"href":"https:\/\/granroma.com\/de\/wp-json\/wp\/v2\/product_tag?post=1838"}],"curies":[{"name":"wp","href":"https:\/\/api.w.org\/{rel}","templated":true}]}}