{"id":1948,"date":"2024-01-29T12:59:42","date_gmt":"2024-01-29T12:59:42","guid":{"rendered":"https:\/\/granroma.com\/ueber-uns\/"},"modified":"2025-02-03T08:32:13","modified_gmt":"2025-02-03T08:32:13","slug":"ueber-uns","status":"publish","type":"page","link":"https:\/\/granroma.com\/de\/ueber-uns\/","title":{"rendered":"\u00dcber uns"},"content":{"rendered":"\t\t<div data-elementor-type=\"wp-page\" data-elementor-id=\"1948\" class=\"elementor elementor-1948 elementor-1439\" data-elementor-post-type=\"page\">\n\t\t\t\t\t\t\t<div class=\"elementor-element elementor-element-0a344bc e-flex e-con-boxed e-con e-parent\" data-id=\"0a344bc\" data-element_type=\"container\" data-settings=\"{&quot;background_background&quot;:&quot;classic&quot;,&quot;content_width&quot;:&quot;boxed&quot;}\" data-core-v316-plus=\"true\">\n\t\t\t\t\t<div class=\"e-con-inner\">\n\t\t\t\t\t<\/div>\n\t\t\t\t<\/div>\n\t\t<div class=\"elementor-element elementor-element-caaaa13 e-flex e-con-boxed e-con e-parent\" data-id=\"caaaa13\" data-element_type=\"container\" data-settings=\"{&quot;content_width&quot;:&quot;boxed&quot;}\" data-core-v316-plus=\"true\">\n\t\t\t\t\t<div class=\"e-con-inner\">\n\t\t\t\t<div class=\"elementor-element elementor-element-818cc41 elementor-widget elementor-widget-heading\" data-id=\"818cc41\" data-element_type=\"widget\" data-widget_type=\"heading.default\">\n\t\t\t\t<div class=\"elementor-widget-container\">\n\t\t\t<style>\/*! elementor - v3.16.0 - 20-09-2023 *\/\n.elementor-heading-title{padding:0;margin:0;line-height:1}.elementor-widget-heading .elementor-heading-title[class*=elementor-size-]>a{color:inherit;font-size:inherit;line-height:inherit}.elementor-widget-heading .elementor-heading-title.elementor-size-small{font-size:15px}.elementor-widget-heading .elementor-heading-title.elementor-size-medium{font-size:19px}.elementor-widget-heading .elementor-heading-title.elementor-size-large{font-size:29px}.elementor-widget-heading .elementor-heading-title.elementor-size-xl{font-size:39px}.elementor-widget-heading .elementor-heading-title.elementor-size-xxl{font-size:59px}<\/style><h3 class=\"elementor-heading-title elementor-size-default\">WER WIR SIND, DIE GEBURT VON GRAN ROMA<\/h3>\t\t<\/div>\n\t\t\t\t<\/div>\n\t\t\t\t<div class=\"elementor-element elementor-element-bbd3dfe elementor-widget-divider--view-line elementor-widget elementor-widget-divider\" data-id=\"bbd3dfe\" data-element_type=\"widget\" data-widget_type=\"divider.default\">\n\t\t\t\t<div class=\"elementor-widget-container\">\n\t\t\t<style>\/*! elementor - v3.16.0 - 20-09-2023 *\/\n.elementor-widget-divider{--divider-border-style:none;--divider-border-width:1px;--divider-color:#0c0d0e;--divider-icon-size:20px;--divider-element-spacing:10px;--divider-pattern-height:24px;--divider-pattern-size:20px;--divider-pattern-url:none;--divider-pattern-repeat:repeat-x}.elementor-widget-divider .elementor-divider{display:flex}.elementor-widget-divider .elementor-divider__text{font-size:15px;line-height:1;max-width:95%}.elementor-widget-divider .elementor-divider__element{margin:0 var(--divider-element-spacing);flex-shrink:0}.elementor-widget-divider .elementor-icon{font-size:var(--divider-icon-size)}.elementor-widget-divider .elementor-divider-separator{display:flex;margin:0;direction:ltr}.elementor-widget-divider--view-line_icon .elementor-divider-separator,.elementor-widget-divider--view-line_text .elementor-divider-separator{align-items:center}.elementor-widget-divider--view-line_icon .elementor-divider-separator:after,.elementor-widget-divider--view-line_icon .elementor-divider-separator:before,.elementor-widget-divider--view-line_text .elementor-divider-separator:after,.elementor-widget-divider--view-line_text .elementor-divider-separator:before{display:block;content:\"\";border-bottom:0;flex-grow:1;border-top:var(--divider-border-width) var(--divider-border-style) var(--divider-color)}.elementor-widget-divider--element-align-left .elementor-divider .elementor-divider-separator>.elementor-divider__svg:first-of-type{flex-grow:0;flex-shrink:100}.elementor-widget-divider--element-align-left .elementor-divider-separator:before{content:none}.elementor-widget-divider--element-align-left .elementor-divider__element{margin-left:0}.elementor-widget-divider--element-align-right .elementor-divider .elementor-divider-separator>.elementor-divider__svg:last-of-type{flex-grow:0;flex-shrink:100}.elementor-widget-divider--element-align-right .elementor-divider-separator:after{content:none}.elementor-widget-divider--element-align-right .elementor-divider__element{margin-right:0}.elementor-widget-divider:not(.elementor-widget-divider--view-line_text):not(.elementor-widget-divider--view-line_icon) .elementor-divider-separator{border-top:var(--divider-border-width) var(--divider-border-style) var(--divider-color)}.elementor-widget-divider--separator-type-pattern{--divider-border-style:none}.elementor-widget-divider--separator-type-pattern.elementor-widget-divider--view-line .elementor-divider-separator,.elementor-widget-divider--separator-type-pattern:not(.elementor-widget-divider--view-line) .elementor-divider-separator:after,.elementor-widget-divider--separator-type-pattern:not(.elementor-widget-divider--view-line) .elementor-divider-separator:before,.elementor-widget-divider--separator-type-pattern:not([class*=elementor-widget-divider--view]) .elementor-divider-separator{width:100%;min-height:var(--divider-pattern-height);-webkit-mask-size:var(--divider-pattern-size) 100%;mask-size:var(--divider-pattern-size) 100%;-webkit-mask-repeat:var(--divider-pattern-repeat);mask-repeat:var(--divider-pattern-repeat);background-color:var(--divider-color);-webkit-mask-image:var(--divider-pattern-url);mask-image:var(--divider-pattern-url)}.elementor-widget-divider--no-spacing{--divider-pattern-size:auto}.elementor-widget-divider--bg-round{--divider-pattern-repeat:round}.rtl .elementor-widget-divider .elementor-divider__text{direction:rtl}.e-con-inner>.elementor-widget-divider,.e-con>.elementor-widget-divider{width:var(--container-widget-width,100%);--flex-grow:var(--container-widget-flex-grow)}<\/style>\t\t<div class=\"elementor-divider\">\n\t\t\t<span class=\"elementor-divider-separator\">\n\t\t\t\t\t\t<\/span>\n\t\t<\/div>\n\t\t\t\t<\/div>\n\t\t\t\t<\/div>\n\t\t\t\t<div class=\"elementor-element elementor-element-ff18078 elementor-widget elementor-widget-text-editor\" data-id=\"ff18078\" data-element_type=\"widget\" data-widget_type=\"text-editor.default\">\n\t\t\t\t<div class=\"elementor-widget-container\">\n\t\t\t<style>\/*! elementor - v3.16.0 - 20-09-2023 *\/\n.elementor-widget-text-editor.elementor-drop-cap-view-stacked .elementor-drop-cap{background-color:#69727d;color:#fff}.elementor-widget-text-editor.elementor-drop-cap-view-framed .elementor-drop-cap{color:#69727d;border:3px solid;background-color:transparent}.elementor-widget-text-editor:not(.elementor-drop-cap-view-default) .elementor-drop-cap{margin-top:8px}.elementor-widget-text-editor:not(.elementor-drop-cap-view-default) .elementor-drop-cap-letter{width:1em;height:1em}.elementor-widget-text-editor .elementor-drop-cap{float:left;text-align:center;line-height:1;font-size:50px}.elementor-widget-text-editor .elementor-drop-cap-letter{display:inline-block}<\/style>\t\t\t\t<p>Im Jahr 1990 beschloss <b>Giuseppe Peluso<\/b>, noch Student, auf Anregung seines Vaters, ger\u00f6stete Haseln\u00fcsse, Haselnusskerne und Haselnusspaste aus den von seinem Gro\u00dfvater v\u00e4terlicherseits geerbten Plantagen in der Region Avellino in seiner Heimatstadt Riva del Garda zu vermarkten.<\/p>\n<p>Dank der Qualit\u00e4t dieser Produkte wurden in den folgenden Jahren auf Wunsch treuer Kunden weitere Halbfertigprodukte unter der <b>Marke <span style=\"color: var( --e-global-color-text ); font-family: var( --e-global-typography-text-font-family ), Sans-serif; text-align: var(--text-align); font-size: 1rem;\">Gran Roma<\/span><\/b> in die Preisliste aufgenommen<span style=\"color: var( --e-global-color-text ); font-family: var( --e-global-typography-text-font-family ), Sans-serif; font-weight: var( --e-global-typography-text-font-weight ); text-align: var(--text-align); font-size: 1rem;\">, die auf dem Markt immer mehr an Wert gewinnen.<\/span><\/p>\n<p>Heute ist Gran Roma, angetrieben von einer tiefen Leidenschaft f\u00fcr handwerklich hergestelltes Speiseeis, eine dynamische und effiziente Realit\u00e4t, die aus einem Team hochqualifizierter Mitarbeiter besteht, die t\u00e4glich mit dem Ziel arbeiten, qualitativ hochwertige und innovative Produkte zu kreieren, angefangen bei der Auswahl der besten Rohstoffe und modernster Produktionstechnologien.<\/p>\n<p>Gran Roma hat ein offenes Ohr f\u00fcr die Bed\u00fcrfnisse und Anforderungen seiner Kunden und bietet innovative kommerzielle L\u00f6sungen an, nicht nur \u00fcber das Produkt, sondern mit <span style=\"color: var( --e-global-color-text ); font-family: var( --e-global-typography-text-font-family ), Sans-serif; font-weight: var( --e-global-typography-text-font-weight ); text-align: var(--text-align); font-size: 1rem;\">dem ehrgeizigen Ziel, die l\u00e4stigen Handels- und Vertriebskosten einzud\u00e4mmen und sie in Vorteile f\u00fcr die handwerklichen Eismacher zu verwandeln. <\/span> <\/p>\n\t\t\t\t\t\t<\/div>\n\t\t\t\t<\/div>\n\t\t\t\t<div class=\"elementor-element elementor-element-0dd3689 elementor-widget elementor-widget-heading\" data-id=\"0dd3689\" data-element_type=\"widget\" data-widget_type=\"heading.default\">\n\t\t\t\t<div class=\"elementor-widget-container\">\n\t\t\t<h3 class=\"elementor-heading-title elementor-size-default\">FORSCHUNG UND ENTWICKLUNG<\/h3>\t\t<\/div>\n\t\t\t\t<\/div>\n\t\t\t\t<div class=\"elementor-element elementor-element-673cb72 elementor-widget-divider--view-line elementor-widget elementor-widget-divider\" data-id=\"673cb72\" data-element_type=\"widget\" data-widget_type=\"divider.default\">\n\t\t\t\t<div class=\"elementor-widget-container\">\n\t\t\t\t\t<div class=\"elementor-divider\">\n\t\t\t<span class=\"elementor-divider-separator\">\n\t\t\t\t\t\t<\/span>\n\t\t<\/div>\n\t\t\t\t<\/div>\n\t\t\t\t<\/div>\n\t\t\t\t<div class=\"elementor-element elementor-element-74477a3 elementor-widget elementor-widget-text-editor\" data-id=\"74477a3\" data-element_type=\"widget\" data-widget_type=\"text-editor.default\">\n\t\t\t\t<div class=\"elementor-widget-container\">\n\t\t\t\t\t\t\t<p>Wir haben in Zusammenarbeit mit erfahrenen Technikern aus der Branche eine <b>neue Produktionseinheit<\/b> aufgebaut.<\/p>\n<p>Wir sind heute mehr denn je in der Lage, auch die speziellsten und schwierigsten Anforderungen in k\u00fcrzester Zeit zu erf\u00fcllen. Wir sind in der Lage, unsere Kunden jederzeit zu unterst\u00fctzen, um ihr Produkt zu verbessern, aber vor allem, um gemeinsam neue Produktlinien zu entwickeln, die auf ihre Anforderungen abgestimmt sind, um einen immer anspruchsvolleren und aufmerksameren Verbraucher zufrieden zu stellen.<\/p>\n<\/p>\n<p>Unser Forschungs- und Entwicklungsteam ist <b>st\u00e4ndig auf der Suche nach ausgew\u00e4hlten und zertifizierten Rohstoffen<\/b>, um ein gleichbleibend hervorragendes Produkt zu gew\u00e4hrleisten, das unseren hohen Produktionsstandards entspricht.<\/p>\n<p>Die neuen R\u00e4umlichkeiten wurden auf umweltfreundliche Weise mit umweltfreundlichen Materialien gebaut. Unsere Betriebseinheit verf\u00fcgt \u00fcber eine Logistikplattform von \u00fcber 1500 m2 und einen Ausstellungsraum f\u00fcr Schulungen und Vorf\u00fchrungen von etwa 500 m2, in dem \u00fcber 40 Personen Platz finden. <\/p>\n<\/p>\n<p><b>Die Ausbildung f\u00fcr Speiseeis und kalte Backwaren<\/b> ist eine unserer St\u00e4rken, an die wir f\u00fcr die Zukunft unseres Unternehmens am meisten glauben. Wir sind in der Lage, Ausbildungstage f\u00fcr Anf\u00e4nger und etablierte Profis zu organisieren, entweder in unseren R\u00e4umlichkeiten oder in den Werkst\u00e4tten unserer Kunden.  <\/p>\n\t\t\t\t\t\t<\/div>\n\t\t\t\t<\/div>\n\t\t\t\t\t<\/div>\n\t\t\t\t<\/div>\n\t\t\t\t\t\t\t<\/div>\n\t\t","protected":false},"excerpt":{"rendered":"<p>WER WIR SIND, DIE GEBURT VON GRAN ROMA Im Jahr 1990 beschloss Giuseppe Peluso, noch Student, auf Anregung seines Vaters, ger\u00f6stete Haseln\u00fcsse, Haselnusskerne und Haselnusspaste aus den von seinem Gro\u00dfvater v\u00e4terlicherseits geerbten Plantagen in der Region Avellino in seiner Heimatstadt Riva del Garda zu vermarkten. Dank der Qualit\u00e4t dieser Produkte wurden in den folgenden Jahren [&hellip;]<\/p>\n","protected":false},"author":1,"featured_media":0,"parent":0,"menu_order":0,"comment_status":"closed","ping_status":"closed","template":"","meta":{"footnotes":""},"tags":[],"class_list":["post-1948","page","type-page","status-publish","hentry"],"acf":[],"_links":{"self":[{"href":"https:\/\/granroma.com\/de\/wp-json\/wp\/v2\/pages\/1948","targetHints":{"allow":["GET"]}}],"collection":[{"href":"https:\/\/granroma.com\/de\/wp-json\/wp\/v2\/pages"}],"about":[{"href":"https:\/\/granroma.com\/de\/wp-json\/wp\/v2\/types\/page"}],"author":[{"embeddable":true,"href":"https:\/\/granroma.com\/de\/wp-json\/wp\/v2\/users\/1"}],"replies":[{"embeddable":true,"href":"https:\/\/granroma.com\/de\/wp-json\/wp\/v2\/comments?post=1948"}],"version-history":[{"count":1,"href":"https:\/\/granroma.com\/de\/wp-json\/wp\/v2\/pages\/1948\/revisions"}],"predecessor-version":[{"id":1950,"href":"https:\/\/granroma.com\/de\/wp-json\/wp\/v2\/pages\/1948\/revisions\/1950"}],"wp:attachment":[{"href":"https:\/\/granroma.com\/de\/wp-json\/wp\/v2\/media?parent=1948"}],"wp:term":[{"taxonomy":"post_tag","embeddable":true,"href":"https:\/\/granroma.com\/de\/wp-json\/wp\/v2\/tags?post=1948"}],"curies":[{"name":"wp","href":"https:\/\/api.w.org\/{rel}","templated":true}]}}