{"id":1931,"date":"2024-01-26T13:37:13","date_gmt":"2024-01-26T13:37:13","guid":{"rendered":"https:\/\/granroma.com\/grundkurse-konditorei\/suesser-und-pikanter-blaetterteig\/"},"modified":"2024-01-26T13:37:13","modified_gmt":"2024-01-26T13:37:13","slug":"suesser-und-pikanter-blaetterteig","status":"publish","type":"page","link":"https:\/\/granroma.com\/de\/grundkurse-konditorei\/suesser-und-pikanter-blaetterteig\/","title":{"rendered":"S\u00fc\u00dfer und pikanter Bl\u00e4tterteig"},"content":{"rendered":"","protected":false},"excerpt":{"rendered":"","protected":false},"author":1,"featured_media":0,"parent":1911,"menu_order":0,"comment_status":"closed","ping_status":"closed","template":"","meta":{"footnotes":""},"tags":[76],"class_list":["post-1931","page","type-page","status-publish","hentry","tag-basepastry"],"acf":[],"_links":{"self":[{"href":"https:\/\/granroma.com\/de\/wp-json\/wp\/v2\/pages\/1931","targetHints":{"allow":["GET"]}}],"collection":[{"href":"https:\/\/granroma.com\/de\/wp-json\/wp\/v2\/pages"}],"about":[{"href":"https:\/\/granroma.com\/de\/wp-json\/wp\/v2\/types\/page"}],"author":[{"embeddable":true,"href":"https:\/\/granroma.com\/de\/wp-json\/wp\/v2\/users\/1"}],"replies":[{"embeddable":true,"href":"https:\/\/granroma.com\/de\/wp-json\/wp\/v2\/comments?post=1931"}],"version-history":[{"count":0,"href":"https:\/\/granroma.com\/de\/wp-json\/wp\/v2\/pages\/1931\/revisions"}],"up":[{"embeddable":true,"href":"https:\/\/granroma.com\/de\/wp-json\/wp\/v2\/pages\/1911"}],"wp:attachment":[{"href":"https:\/\/granroma.com\/de\/wp-json\/wp\/v2\/media?parent=1931"}],"wp:term":[{"taxonomy":"post_tag","embeddable":true,"href":"https:\/\/granroma.com\/de\/wp-json\/wp\/v2\/tags?post=1931"}],"curies":[{"name":"wp","href":"https:\/\/api.w.org\/{rel}","templated":true}]}}